{"id":3367,"date":"2024-06-26T19:11:55","date_gmt":"2024-06-26T19:11:55","guid":{"rendered":"https:\/\/sikorowski.pl\/?page_id=3367"},"modified":"2024-06-27T21:46:49","modified_gmt":"2024-06-27T21:46:49","slug":"wesprzyj","status":"publish","type":"page","link":"https:\/\/sikorowski.pl\/?page_id=3367","title":{"rendered":"Wesprzyj"},"content":{"rendered":"\t\t<div data-elementor-type=\"wp-page\" data-elementor-id=\"3367\" class=\"elementor elementor-3367\">\n\t\t\t\t<div class=\"elementor-element elementor-element-4278363 e-flex e-con-boxed e-con e-parent\" data-id=\"4278363\" data-element_type=\"container\">\n\t\t\t\t\t<div class=\"e-con-inner\">\n\t\t\t\t<div class=\"elementor-element elementor-element-66b0293 elementor-widget elementor-widget-heading\" data-id=\"66b0293\" data-element_type=\"widget\" data-widget_type=\"heading.default\">\n\t\t\t\t<div class=\"elementor-widget-container\">\n\t\t\t\t\t<h2 class=\"elementor-heading-title elementor-size-default\">Moja kampania wyborcza finansowana jest ze \u015brodk\u00f3w sympatyk\u00f3w. Ka\u017cde 5, 10, 50 i 100 z\u0142otych to konkretna liczba rozdanych ulotek, powieszonych plakat\u00f3w i baner\u00f3w<\/h2>\t\t\t\t<\/div>\n\t\t\t\t<\/div>\n\t\t\t\t\t<\/div>\n\t\t\t\t<\/div>\n\t\t<div class=\"elementor-element elementor-element-c769f7a e-flex e-con-boxed e-con e-parent\" data-id=\"c769f7a\" data-element_type=\"container\">\n\t\t\t\t\t<div class=\"e-con-inner\">\n\t\t<div class=\"elementor-element elementor-element-0b71ba2 e-grid e-con-full e-con e-child\" data-id=\"0b71ba2\" data-element_type=\"container\">\n\t\t\t\t<div class=\"elementor-element elementor-element-d96ebaf elementor-widget elementor-widget-text-editor\" data-id=\"d96ebaf\" data-element_type=\"widget\" data-widget_type=\"text-editor.default\">\n\t\t\t\t<div class=\"elementor-widget-container\">\n\t\t\t\t\t\t\t\t\t<p>Wp\u0142aty na rzecz kampanii mog\u0105 by\u0107 dokonywane za po\u015brednictwem konta bankowego\u00a0 <u>wy\u0142\u0105cznie przez osoby fizyczne, kt\u00f3re jednocze\u015bnie spe\u0142niaj\u0105 nast\u0119puj\u0105ce warunki<\/u>:<\/p><ul><li>maj\u0105 polskie obywatelstwo,<\/li><li>mieszkaj\u0105 stale na terytorium Rzeczypospolitej Polskiej,<\/li><li>maj\u0105 rachunek bankowy (w\u0142asny lub wsp\u00f3lny), z kt\u00f3rego dokonaj\u0105 standardowego przelewu.<\/li><\/ul><p><u>Zabronione jest<\/u>:<\/p><ul><li>dokonywanie tzw. \u201eprzelew\u00f3w ekspresowych\u201d,<\/li><li>dokonywanie wp\u0142at z konta firmowego,<\/li><li>dokonywanie wp\u0142at za po\u015brednictwem podmiotu po\u015brednicz\u0105cego w dokonywaniu p\u0142atno\u015bci (np. serwis\u00f3w obs\u0142uguj\u0105cych p\u0142atno\u015bci elektroniczne),<\/li><li>dokonywanie wp\u0142at got\u00f3wk\u0105 (np. w kasie banku, w urz\u0119dzie pocztowym, w punkcie przyjmowania op\u0142at).<\/li><\/ul><p><strong>Dane do przelewu:<\/strong><br \/><strong>Komitet Wyborczy Konfederacja Nowa Nadzieja <\/strong><br \/><strong>Byto\u0144 103, 88-231 Byto\u0144<\/strong><\/p><p><strong>Numer kontak: PKO BP SA 88 1020 5170 0000 1602 0458 2716<\/strong><\/p><p><strong>Tytu\u0142 wp\u0142aty: Darowizna. Mieszkam w Polsce i jestem polskim obywatelem. Wsparcie dla kandydata: Tomasz Sikorowski.\u00a0<\/strong><\/p><p>Dzi\u0119kuj\u0119 za ka\u017cd\u0105 z\u0142ot\u00f3wk\u0119!<\/p>\t\t\t\t\t\t\t\t<\/div>\n\t\t\t\t<\/div>\n\t\t\t\t<div class=\"elementor-element elementor-element-e5797fa elementor-widget elementor-widget-image\" data-id=\"e5797fa\" data-element_type=\"widget\" data-widget_type=\"image.default\">\n\t\t\t\t<div class=\"elementor-widget-container\">\n\t\t\t\t\t\t\t\t\t\t\t\t\t\t\t<img fetchpriority=\"high\" decoding=\"async\" width=\"640\" height=\"800\" src=\"https:\/\/sikorowski.pl\/wp-content\/uploads\/2024\/06\/11-819x1024.png\" class=\"attachment-large size-large wp-image-3522\" alt=\"\" srcset=\"https:\/\/sikorowski.pl\/wp-content\/uploads\/2024\/06\/11-819x1024.png 819w, https:\/\/sikorowski.pl\/wp-content\/uploads\/2024\/06\/11-240x300.png 240w, https:\/\/sikorowski.pl\/wp-content\/uploads\/2024\/06\/11-768x960.png 768w, https:\/\/sikorowski.pl\/wp-content\/uploads\/2024\/06\/11-600x750.png 600w, https:\/\/sikorowski.pl\/wp-content\/uploads\/2024\/06\/11.png 1200w\" sizes=\"(max-width: 640px) 100vw, 640px\" \/>\t\t\t\t\t\t\t\t\t\t\t\t\t\t\t<\/div>\n\t\t\t\t<\/div>\n\t\t\t\t<\/div>\n\t\t\t\t\t<\/div>\n\t\t\t\t<\/div>\n\t\t<div class=\"elementor-element elementor-element-122ebca e-flex e-con-boxed e-con e-parent\" data-id=\"122ebca\" data-element_type=\"container\">\n\t\t\t\t\t<div class=\"e-con-inner\">\n\t\t\t\t<div class=\"elementor-element elementor-element-4d2893f elementor-widget elementor-widget-heading\" data-id=\"4d2893f\" data-element_type=\"widget\" data-widget_type=\"heading.default\">\n\t\t\t\t<div class=\"elementor-widget-container\">\n\t\t\t\t\t<h2 class=\"elementor-heading-title elementor-size-default\">Klauzula informacyjna dla wp\u0142acaj\u0105cych<\/h2>\t\t\t\t<\/div>\n\t\t\t\t<\/div>\n\t\t\t\t<div class=\"elementor-element elementor-element-99a2843 elementor-widget elementor-widget-text-editor\" data-id=\"99a2843\" data-element_type=\"widget\" data-widget_type=\"text-editor.default\">\n\t\t\t\t<div class=\"elementor-widget-container\">\n\t\t\t\t\t\t\t\t\t<p>1. Pa\u0144stwa dane osobowe b\u0119d\u0105 przetwarzane wy\u0142\u0105cznie w celach zwi\u0105zanych z wykazaniem prawid\u0142owo\u015bci finansowania partii politycznej oraz Funduszu Wyborczego na gruncie przepis\u00f3w podatkowych oraz ustawy z dnia 27 czerwca 1997 r. o partiach politycznych. Podstaw\u0105 prawn\u0105 przetwarzania danych jest art. 6 ust. 1 pkt c) RODO w zw. z art. 25 ust. 1 Ustawy z dnia 27 czerwca 1997 r. o partiach politycznych (dalej \u201eUstawa\u201d).<\/p><p>2. Podanie przez Pa\u0144stwa danych osobowych jest niezb\u0119dne i konieczne do potwierdzenia mo\u017cliwo\u015bci przyj\u0119cia takiej darowizny przez komitet wyborczy zgodnie z Ustaw\u0105. W przypadku ich nie podania darowizna b\u0119dzie podlega\u0107 zwrotowi na zasadach okre\u015blonych w Ustawie.<\/p><p>3. Dane osobowe b\u0119d\u0105 przetwarzane przez komitet wyborczy do czasu zako\u0144czenia dot. badania sprawozdania finansowego partii politycznej przez PKW oraz przez okres okre\u015blony na podstawie przepis\u00f3w skarbowych i podatkowych oraz przepis\u00f3w kodeksu wyborczego.<\/p><p>4. Posiadaj\u0105 Pa\u0144stwo dost\u0119p do swoich danych osobowych, ich sprostowania, usuni\u0119cia lub ograniczenia przetwarzania, prawo do zg\u0142oszenia sprzeciwu wobec takiego przetwarzania, a tak\u017ce prawo do przenoszenia danych. Powy\u017csze uprawnienia ograniczone s\u0105 przez przepisy prawa obowi\u0105zuj\u0105ce Administratora.<\/p><p>5. Z zachowaniem wszelkich gwarancji bezpiecze\u0144stwa i wymog\u00f3w RODO, Pa\u0144stwa dane osobowe mog\u0105 zosta\u0107 ujawnione osobom upowa\u017cnionym przez Administratora, komitetowi wyborczemu tworzonego przez Administratora, organom w\u0142adzy publicznej oraz podmiotom wykonuj\u0105cym zadania publiczne w tym w szczeg\u00f3lno\u015bci Pa\u0144stwowej Komisji Wyborczej lub dzia\u0142aj\u0105cym na zlecenie w\u0142adzy publicznej, w zakresie i celach, kt\u00f3re wynikaj\u0105 z przepis\u00f3w prawa; dostawcom us\u0142ug technicznych i organizacyjnych umo\u017cliwiaj\u0105cych dzia\u0142alno\u015b\u0107 Partii (w szczeg\u00f3lno\u015bci dostawcom us\u0142ug teleinformatycznych), innym podmiotom przetwarzaj\u0105cym je w naszym imieniu (np. \u015bwiadcz\u0105cym na rzecz Administratora us\u0142ugi prawne lub ksi\u0119gowe).<\/p><p>6. Maj\u0105 Pa\u0144stwo prawo do wniesienia skargi do organu nadzorczego, kt\u00f3rym jest Prezes Urz\u0119du Ochrony Danych Osobowych (ul. Stawki 2, 00-193 Warszawa).<\/p><p>7. Pa\u0144stwa dane osobowe nie podlegaj\u0105 zautomatyzowanemu podejmowaniu decyzji w tym profilowaniu, ani nie b\u0119d\u0105 przekazywane do pa\u0144stw trzecich lub organizacji mi\u0119dzynarodowych.<\/p>\t\t\t\t\t\t\t\t<\/div>\n\t\t\t\t<\/div>\n\t\t\t\t\t<\/div>\n\t\t\t\t<\/div>\n\t\t\t\t<\/div>\n\t\t","protected":false},"excerpt":{"rendered":"<p>Moja kampania wyborcza finansowana jest ze \u015brodk\u00f3w sympatyk\u00f3w. Ka\u017cde 5, 10, 50 i 100 z\u0142otych to konkretna liczba rozdanych ulotek, powieszonych plakat\u00f3w i baner\u00f3w Wp\u0142aty na rzecz kampanii mog\u0105 by\u0107 dokonywane za po\u015brednictwem konta bankowego\u00a0 wy\u0142\u0105cznie przez osoby fizyczne, kt\u00f3re jednocze\u015bnie spe\u0142niaj\u0105 nast\u0119puj\u0105ce warunki: maj\u0105 polskie obywatelstwo, mieszkaj\u0105 stale na terytorium Rzeczypospolitej Polskiej, maj\u0105 rachunek&#8230;<\/p>\n","protected":false},"author":1,"featured_media":0,"parent":0,"menu_order":0,"comment_status":"closed","ping_status":"closed","template":"","meta":{"footnotes":""},"_links":{"self":[{"href":"https:\/\/sikorowski.pl\/index.php?rest_route=\/wp\/v2\/pages\/3367"}],"collection":[{"href":"https:\/\/sikorowski.pl\/index.php?rest_route=\/wp\/v2\/pages"}],"about":[{"href":"https:\/\/sikorowski.pl\/index.php?rest_route=\/wp\/v2\/types\/page"}],"author":[{"embeddable":true,"href":"https:\/\/sikorowski.pl\/index.php?rest_route=\/wp\/v2\/users\/1"}],"replies":[{"embeddable":true,"href":"https:\/\/sikorowski.pl\/index.php?rest_route=%2Fwp%2Fv2%2Fcomments&post=3367"}],"version-history":[{"count":31,"href":"https:\/\/sikorowski.pl\/index.php?rest_route=\/wp\/v2\/pages\/3367\/revisions"}],"predecessor-version":[{"id":3542,"href":"https:\/\/sikorowski.pl\/index.php?rest_route=\/wp\/v2\/pages\/3367\/revisions\/3542"}],"wp:attachment":[{"href":"https:\/\/sikorowski.pl\/index.php?rest_route=%2Fwp%2Fv2%2Fmedia&parent=3367"}],"curies":[{"name":"wp","href":"https:\/\/api.w.org\/{rel}","templated":true}]}}