{"id":3,"date":"2024-06-25T20:10:48","date_gmt":"2024-06-25T20:10:48","guid":{"rendered":"https:\/\/sikorowski.pl\/?page_id=3"},"modified":"2024-06-27T19:13:43","modified_gmt":"2024-06-27T19:13:43","slug":"privacy-policy","status":"publish","type":"page","link":"https:\/\/sikorowski.pl\/?page_id=3","title":{"rendered":"Polityka Prywatno\u015bci"},"content":{"rendered":"<p><strong>Komitet Wyborczy Konfederacja Nowa Nadzieja<\/strong><\/p><p><strong>OG\u00d3LNA KLAUZULA INFORMACYJNA W ZAKRESIE PRZETWARZANIA DANYCH OSOBOWYCH<\/strong><\/p><p>Informujemy, i\u017c zgodnie z art. 13 ust. 1 i 2 rozporz\u0105dzenia Parlamentu Europejskiego i Rady (UE) 2016\/679 z 27.04.2016 r. w sprawie ochrony os\u00f3b fizycznych w zwi\u0105zku z przetwarzaniem danych osobowych i w sprawie swobodnego przep\u0142ywu takich danych oraz uchylenia dyrektywy 95\/46\/WE (og\u00f3lne rozporz\u0105dzenie o ochronie danych, Dz. U. UE. L. z 2016 r. Nr 119, str. 1) \u2013 zwanym dalej <strong>RODO,<\/strong><\/p><p>1. administratorem Pani\/Pana danych osobowych b\u0119dzie Komitet Wyborczy Konfederacja Nowa Nadzieja siedzib\u0105 w Bytoniu 103, 88-231 Byto\u0144, wpisany do Rejestru podmiot\u00f3w w urz\u0119dzie skarbowym pod numerem NIP: 8891526008, e-mail Sikorowski.senat@gmail.com (zwana dalej Administratorem);<\/p><p>2. Powo\u0142ali\u015bmy Inspektora ochrony danych, z kt\u00f3rym mo\u017cna skontaktowa\u0107 si\u0119 pod adresem email: Sikorowski.senat@gmail.com lub korespondencyjnie pod adresem siedziby Administratora;<br>3. Pani\/Pana dane osobowe przetwarzane b\u0119d\u0105 w celu:<\/p><p>a. realizacji zawartej umowy, kt\u00f3rej podstaw\u0105 jest art. 6 ust. 1 lit b) RODO &#8211; niezb\u0119dno\u015b\u0107 do wykonania umowy, kt\u00f3rej jeste\u015b stron\u0105, do czasu wyga\u015bni\u0119cia tej umowy, z tym zastrze\u017ceniem, \u017ce czasami dane te mog\u0105 by\u0107 przetwarzane r\u00f3wnie\u017c po wyga\u015bni\u0119ciu umowy, jednak wy\u0142\u0105cznie, je\u017celi jest to dozwolone lub wymagane w \u015bwietle obowi\u0105zuj\u0105cego prawa np. przetwarzanie w zwi\u0105zku z dochodzeniem roszcze\u0144, rozliczeniami itd.;<\/p><p>b. w celach zwi\u0105zanych z rozliczeniami podatkowymi oraz ksi\u0119gowymi i realizacj\u0105 innych obowi\u0105zk\u00f3w wynikaj\u0105cych z przepis\u00f3w prawa, w tym obowi\u0105zk\u00f3w sprawozdawczych, za\u015b podstaw\u0105 jest art. 6 ust. 1 lit c) RODO &#8211; niezb\u0119dno\u015b\u0107 wype\u0142nienia obowi\u0105zku prawnego ci\u0105\u017c\u0105cego na Administratorze;<\/p><p>c. bezpo\u015bredniego kontaktu telefonicznego lub elektronicznego w zwi\u0105zku z wykonaniem zawartych um\u00f3w, obowi\u0105zkami prawnymi, obs\u0142ug\u0105 komunikacji lub realizacj\u0105 zam\u00f3wie\u0144, na podstawie art. 6 ust. 1 lit. a RODO, na podstawie Pani\/Pana dobrowolnej zgody;<\/p><p>d. w celu realizacji Pani\/Pana praw, aktualizacji Pani\/Pana danych, prowadzenia bazy klient\u00f3w \u0142\u0105cz\u0105cej dane z r\u00f3\u017cnych system\u00f3w i \u017ar\u00f3de\u0142, na podstawie art. 6 ust. 1 lit. f RODO, na podstawie prawnie uzasadnionego interesu Administratora,<\/p><p>e. w celach archiwalnych (dowodowych) oraz w celu zabezpieczenia informacji na wypadek prawnej potrzeby wykazania fakt\u00f3w, ewentualnego ustalenia, dochodzenia lub obrony przed roszczeniami, na podstawie art. 6 ust. 1 lit. f RODO, na podstawie prawnie uzasadnionego interesu Administratora;<\/p><p>f. w celu marketingu bezpo\u015bredniego, w tym przesy\u0142ania informacji o programie, postulatach i \u015bwiadczonych us\u0142ugach w tym poprzez newsletter oraz sk\u0142adania ofert i<\/p><p>propozycji zawarcia umowy i w tym zakresie do bezpo\u015bredniego kontaktu elektronicznego za po\u015brednictwem poczty elektronicznej (e-mail) lub kontaktu telefonicznego na podany przez Pani\u0105\/Pana numer telefonu, na podstawie art. 6 ust. 1 lit. a RODO, na podstawie Pani\/Pana dobrowolnej zgody;<\/p><p>4. Pani\/Pana dane osobowe mog\u0105\u0328 by\u0107 przetwarzane na zasadzie powierzenia przetwarzania przez nast\u0119puj\u0105ce podmioty: biuro rachunkowo-ksi\u0119gowe \u2013 w celu prowadzenia ksi\u0119gowo\u015bci, kancelarii prawnej \u2013 w celi prowadzenia obs\u0142ugi prawnej, podmioty wsp\u00f3\u0142pracuj\u0105ce \u2013 w celu przedstawienia oferty wsp\u00f3\u0142pracy, nawi\u0105zania relacji gospodarczych itd. Je\u017celi dojdzie do powierzenia Pani\/Pana danych innym podmiotom, niezw\u0142ocznie Pani\u0105\u0328\/Pana o tym poinformujemy poprzez wiadomo\u015b\u0107\u0301 elektroniczn\u0105<\/p><p><br>5. Pani\/Pana dane osobowe b\u0119d\u0105 przechowywane przez okres 10 lat od dnia ich przekazania. Po up\u0142ywie okresu przechowywania Pani\/Pana dane osobowe zostan\u0105 usuni\u0119te z system\u00f3w<\/p><p>informatycznych Administratora, za\u015b dokumenty w formie papierowej zostan\u0105 zniszczone;<\/p><p>6. posiada Pani\/Pan prawo dost\u0119pu do tre\u015bci swoich danych oraz prawo ich sprostowania,<br>7. posiada Pani\/Pan prawo \u017c\u0105dania usuni\u0119cia Pani\/Pana danych osobowych w ka\u017cdym czasie,<\/p><p>8. posiada Pani\/Pan prawo do \u017c\u0105dania ograniczenia przetwarzania Pani\/Pana danych osobowych,<br>9. posiada Pani\/Pan prawo do przenoszenia danych w powszechnie u\u017cywanym formacie<\/p><p>pozwalaj\u0105cym np. na wydrukowanie lub zapisanie w pami\u0119ci komputera,<br>10. posiada Pani\/Pan prawo wniesienia sprzeciwu wobec dalszego przetwarzania danych,<\/p><p>11. Ka\u017cde z uprawnie\u0144 wymienionych w punktach od 7 do 11 mo\u017ce Pani\/Pan zrealizowa\u0107 poprzez przes\u0142anie odpowiedniego wniosku w formie pisemnej na adres siedziby Administratora z dopiskiem <em>dane osobowe <\/em>lub w formie elektronicznej poprzez przes\u0142anie wiadomo\u015bci e-mail na adres: Sikorowski.senat@gmail.com ,<\/p><p>12. posiada Pani\/Pan prawo do cofni\u0119cia zgody na ich przetwarzanie w dowolnym momencie bez wp\u0142ywu na zgodno\u015b\u0107 z prawem przetwarzania, kt\u00f3rego dokonano na podstawie zgody wyra\u017conej przed jej cofni\u0119ciem. O\u015bwiadczenie o cofni\u0119ciu zgody na przetwarzanie danych osobowych mo\u017cna z\u0142o\u017cy\u0107 w formie pisemnej, przesy\u0142aj\u0105c je na adres siedziby Administratora z dopiskiem <em>dane osobowe <\/em>lub w formie elektronicznej poprzez przes\u0142anie wiadomo\u015bci e-mail na adres: Sikorowski.senat@gmail.com ,<\/p><p>13. posiada Pani\/Pan prawo wniesienia skargi do Prezesa Urz\u0119du Ochrony Danych Osobowych, gdy uzna Pani\/Pan, i\u017c przetwarzanie danych osobowych Pani\/Pana dotycz\u0105cych narusza przepisy RODO.<\/p>","protected":false},"excerpt":{"rendered":"<p>Komitet Wyborczy Konfederacja Nowa Nadzieja OG\u00d3LNA KLAUZULA INFORMACYJNA W ZAKRESIE PRZETWARZANIA DANYCH OSOBOWYCH Informujemy, i\u017c zgodnie z art. 13 ust. 1 i 2 rozporz\u0105dzenia Parlamentu Europejskiego i Rady (UE) 2016\/679 z 27.04.2016 r. w sprawie ochrony os\u00f3b fizycznych w zwi\u0105zku z przetwarzaniem danych osobowych i w sprawie swobodnego przep\u0142ywu takich danych oraz uchylenia dyrektywy 95\/46\/WE&#8230;<\/p>\n","protected":false},"author":1,"featured_media":0,"parent":0,"menu_order":0,"comment_status":"closed","ping_status":"open","template":"","meta":{"footnotes":""},"_links":{"self":[{"href":"https:\/\/sikorowski.pl\/index.php?rest_route=\/wp\/v2\/pages\/3"}],"collection":[{"href":"https:\/\/sikorowski.pl\/index.php?rest_route=\/wp\/v2\/pages"}],"about":[{"href":"https:\/\/sikorowski.pl\/index.php?rest_route=\/wp\/v2\/types\/page"}],"author":[{"embeddable":true,"href":"https:\/\/sikorowski.pl\/index.php?rest_route=\/wp\/v2\/users\/1"}],"replies":[{"embeddable":true,"href":"https:\/\/sikorowski.pl\/index.php?rest_route=%2Fwp%2Fv2%2Fcomments&post=3"}],"version-history":[{"count":2,"href":"https:\/\/sikorowski.pl\/index.php?rest_route=\/wp\/v2\/pages\/3\/revisions"}],"predecessor-version":[{"id":3479,"href":"https:\/\/sikorowski.pl\/index.php?rest_route=\/wp\/v2\/pages\/3\/revisions\/3479"}],"wp:attachment":[{"href":"https:\/\/sikorowski.pl\/index.php?rest_route=%2Fwp%2Fv2%2Fmedia&parent=3"}],"curies":[{"name":"wp","href":"https:\/\/api.w.org\/{rel}","templated":true}]}}